{"id":505,"date":"2024-11-05T23:39:48","date_gmt":"2024-11-05T23:39:48","guid":{"rendered":"https:\/\/entrecampos.pt\/?page_id=505"},"modified":"2026-04-02T16:57:52","modified_gmt":"2026-04-02T15:57:52","slug":"porque-lisboa","status":"publish","type":"page","link":"https:\/\/entrecampos.pt\/pt-pt\/porque-lisboa\/","title":{"rendered":"Porqu\u00ea Lisboa?"},"content":{"rendered":"\n<section\n  class=\"w-full fade-up max-w-[840px] px-6 tablet-sm:px-8 desktop-xl:px-0 mx-auto flex flex-col gap-6 pt-20 pb-[60px]\">\n      <div class=\"text-left tablet-sm:text-center\">\n      <h2 class=\"text-m-h4 font-semibold tablet-sm:text-t-h4 desktop-xl:text-d-h4 text-entre_campos-secondary-terracotta-200\">\n        Portugal no centro das aten\u00e7\u00f5es: para viver, viajar e investir      <\/h2>\n    <\/div>\n  \n      <div\n      class=\"flex flex-col gap-3 content-title-with-description text-m-b2 [&#038;_p]:!text-left tablet-sm:[&#038;_p]:!text-center tablet-sm:text-t-b2 desktop-xl:text-d-b2\">\n      <p style=\"text-align: center;\">Com uma economia emergente, um aumento consistente e sustent\u00e1vel do turismo e um estilo de vida vibrante, Portugal \u00e9 um <strong>\u00edman de investimento<\/strong>, um<strong> destino moderno para viajantes<\/strong> e um <strong>local charmoso para viver<\/strong>.<\/p>\n    <\/div>\n  \n<\/section>\n\n\n<section\n  class=\"w-full fade-up max-w-[840px] px-6 tablet-sm:px-8 desktop-xl:px-0 mx-auto flex flex-col gap-6 pt-20 pb-[60px]\">\n      <div class=\"text-left tablet-sm:text-center\">\n      <h2 class=\"text-m-h4 font-semibold tablet-sm:text-t-h4 desktop-xl:text-d-h4 text-entre_campos-primary-off-black\">\n        Uma cidade moderna e de vanguarda       <\/h2>\n    <\/div>\n  \n      <div\n      class=\"flex flex-col gap-3 content-title-with-description text-m-b2 [&#038;_p]:!text-left tablet-sm:[&#038;_p]:!text-center tablet-sm:text-t-b2 desktop-xl:text-d-b2\">\n      <p style=\"text-align: center;\">A cidade tem lugar para tudo: empresas internacionais, companhias digitais, ind\u00fastrias criativas, centros de inova\u00e7\u00e3o e startups, eventos de escala mundial, da tecnologia ao entretenimento.<\/p>\n<p style=\"text-align: center;\">Ao mesmo tempo, com um passado hist\u00f3rico rico e um estilo moderno e vibrante, <strong>Lisboa est\u00e1 viva, com criatividade, inova\u00e7\u00e3o e um charme intemporal.<\/strong> \u00c9 dif\u00edcil resistir.<\/p>\n    <\/div>\n  \n<\/section>\n\n\n\t<section class=\"fade-up w-full pb-10 desktop-xl:pb-12\">\n\t\t<div class=\"swiper carousel-images-block w-full !pb-12\" id=\"swiper-gallery\">\n\t\t\t<div class=\"swiper-wrapper\">\n\t\t\t\t\t\t\t\t\t\t\t\t\t\t\t<div class=\"swiper-slide\">\n\t\t\t\t\t\t\t<figure class=\"w-full h-[13.125rem] tablet-sm:h-[29.625rem] desktop-xl:h-[36.375rem] relative\">\n\t\t\t\t\t\t\t\t<img decoding=\"async\" width=\"1280\" height=\"720\" src=\"https:\/\/entrecampos.pt\/wp-content\/uploads\/2024\/11\/Plot-C-April-2024-1.webp\" class=\"image-carousel w-full h-full object-cover cursor-pointer\" alt=\"\" loading=\"lazy\" data-caption=\"\" data-sub-html=\"&lt;div class=&quot;custom-caption&quot;&gt;&lt;\/div&gt;\" srcset=\"https:\/\/entrecampos.pt\/wp-content\/uploads\/2024\/11\/Plot-C-April-2024-1.webp 1280w, https:\/\/entrecampos.pt\/wp-content\/uploads\/2024\/11\/Plot-C-April-2024-1-300x169.webp 300w, https:\/\/entrecampos.pt\/wp-content\/uploads\/2024\/11\/Plot-C-April-2024-1-1024x576.webp 1024w, https:\/\/entrecampos.pt\/wp-content\/uploads\/2024\/11\/Plot-C-April-2024-1-768x432.webp 768w\" sizes=\"auto, (max-width: 1280px) 100vw, 1280px\" \/>\t\t\t\t\t\t\t\t<button type=\"button\" class=\"button-zoom-image absolute bottom-4 right-4\">\n\t\t\t\t\t\t\t\t\t<img loading=\"lazy\" decoding=\"async\" width=\"24\" height=\"24\" src=\"https:\/\/entrecampos.pt\/wp-content\/themes\/entre_campos\/theme\/assets\/icons\/zoom.svg\"\n\t\t\t\t\t\t\t\t\t\talt=\"Zoom\">\n\t\t\t\t\t\t\t\t<\/button>\n\t\t\t\t\t\t\t<\/figure>\n\t\t\t\t\t\t<\/div>\n\t\t\t\t\t\t\t\t\t\t\t\t\t\t\t\t\t\t\t\t<div class=\"swiper-slide\">\n\t\t\t\t\t\t\t<figure class=\"w-full h-[13.125rem] tablet-sm:h-[29.625rem] desktop-xl:h-[36.375rem] relative\">\n\t\t\t\t\t\t\t\t<img decoding=\"async\" width=\"1280\" height=\"720\" src=\"https:\/\/entrecampos.pt\/wp-content\/uploads\/2024\/11\/Plot-C-April-2024-5.webp\" class=\"image-carousel w-full h-full object-cover cursor-pointer\" alt=\"\" loading=\"lazy\" data-caption=\"\" data-sub-html=\"&lt;div class=&quot;custom-caption&quot;&gt;&lt;\/div&gt;\" srcset=\"https:\/\/entrecampos.pt\/wp-content\/uploads\/2024\/11\/Plot-C-April-2024-5.webp 1280w, https:\/\/entrecampos.pt\/wp-content\/uploads\/2024\/11\/Plot-C-April-2024-5-300x169.webp 300w, https:\/\/entrecampos.pt\/wp-content\/uploads\/2024\/11\/Plot-C-April-2024-5-1024x576.webp 1024w, https:\/\/entrecampos.pt\/wp-content\/uploads\/2024\/11\/Plot-C-April-2024-5-768x432.webp 768w\" sizes=\"auto, (max-width: 1280px) 100vw, 1280px\" \/>\t\t\t\t\t\t\t\t<button type=\"button\" class=\"button-zoom-image absolute bottom-4 right-4\">\n\t\t\t\t\t\t\t\t\t<img loading=\"lazy\" decoding=\"async\" width=\"24\" height=\"24\" src=\"https:\/\/entrecampos.pt\/wp-content\/themes\/entre_campos\/theme\/assets\/icons\/zoom.svg\"\n\t\t\t\t\t\t\t\t\t\talt=\"Zoom\">\n\t\t\t\t\t\t\t\t<\/button>\n\t\t\t\t\t\t\t<\/figure>\n\t\t\t\t\t\t<\/div>\n\t\t\t\t\t\t\t\t\t\t\t\t\t\t\t\t\t\t\t\t<div class=\"swiper-slide\">\n\t\t\t\t\t\t\t<figure class=\"w-full h-[13.125rem] tablet-sm:h-[29.625rem] desktop-xl:h-[36.375rem] relative\">\n\t\t\t\t\t\t\t\t<img decoding=\"async\" width=\"2560\" height=\"1440\" src=\"https:\/\/entrecampos.pt\/wp-content\/uploads\/2024\/11\/22021_228_Retail_Exterior_03-scaled.webp\" class=\"image-carousel w-full h-full object-cover cursor-pointer\" alt=\"22021_228_Retail_Exterior_03\" loading=\"lazy\" data-caption=\"\" data-sub-html=\"&lt;div class=&quot;custom-caption&quot;&gt;&lt;\/div&gt;\" srcset=\"https:\/\/entrecampos.pt\/wp-content\/uploads\/2024\/11\/22021_228_Retail_Exterior_03-scaled.webp 2560w, https:\/\/entrecampos.pt\/wp-content\/uploads\/2024\/11\/22021_228_Retail_Exterior_03-300x169.webp 300w, https:\/\/entrecampos.pt\/wp-content\/uploads\/2024\/11\/22021_228_Retail_Exterior_03-1024x576.webp 1024w, https:\/\/entrecampos.pt\/wp-content\/uploads\/2024\/11\/22021_228_Retail_Exterior_03-768x432.webp 768w, https:\/\/entrecampos.pt\/wp-content\/uploads\/2024\/11\/22021_228_Retail_Exterior_03-1536x864.webp 1536w, https:\/\/entrecampos.pt\/wp-content\/uploads\/2024\/11\/22021_228_Retail_Exterior_03-2048x1152.webp 2048w\" sizes=\"auto, (max-width: 2560px) 100vw, 2560px\" \/>\t\t\t\t\t\t\t\t<button type=\"button\" class=\"button-zoom-image absolute bottom-4 right-4\">\n\t\t\t\t\t\t\t\t\t<img loading=\"lazy\" decoding=\"async\" width=\"24\" height=\"24\" src=\"https:\/\/entrecampos.pt\/wp-content\/themes\/entre_campos\/theme\/assets\/icons\/zoom.svg\"\n\t\t\t\t\t\t\t\t\t\talt=\"Zoom\">\n\t\t\t\t\t\t\t\t<\/button>\n\t\t\t\t\t\t\t<\/figure>\n\t\t\t\t\t\t<\/div>\n\t\t\t\t\t\t\t\t\t\t\t\t\t\t\t\t\t\t\t\t<div class=\"swiper-slide\">\n\t\t\t\t\t\t\t<figure class=\"w-full h-[13.125rem] tablet-sm:h-[29.625rem] desktop-xl:h-[36.375rem] relative\">\n\t\t\t\t\t\t\t\t<img decoding=\"async\" width=\"2560\" height=\"1440\" src=\"https:\/\/entrecampos.pt\/wp-content\/uploads\/2024\/11\/22021_229_Retail_Exterior_04-2-scaled.webp\" class=\"image-carousel w-full h-full object-cover cursor-pointer\" alt=\"\" loading=\"lazy\" data-caption=\"\" data-sub-html=\"&lt;div class=&quot;custom-caption&quot;&gt;&lt;\/div&gt;\" srcset=\"https:\/\/entrecampos.pt\/wp-content\/uploads\/2024\/11\/22021_229_Retail_Exterior_04-2-scaled.webp 2560w, https:\/\/entrecampos.pt\/wp-content\/uploads\/2024\/11\/22021_229_Retail_Exterior_04-2-300x169.webp 300w, https:\/\/entrecampos.pt\/wp-content\/uploads\/2024\/11\/22021_229_Retail_Exterior_04-2-1024x576.webp 1024w, https:\/\/entrecampos.pt\/wp-content\/uploads\/2024\/11\/22021_229_Retail_Exterior_04-2-768x432.webp 768w, https:\/\/entrecampos.pt\/wp-content\/uploads\/2024\/11\/22021_229_Retail_Exterior_04-2-1536x864.webp 1536w, https:\/\/entrecampos.pt\/wp-content\/uploads\/2024\/11\/22021_229_Retail_Exterior_04-2-2048x1152.webp 2048w\" sizes=\"auto, (max-width: 2560px) 100vw, 2560px\" \/>\t\t\t\t\t\t\t\t<button type=\"button\" class=\"button-zoom-image absolute bottom-4 right-4\">\n\t\t\t\t\t\t\t\t\t<img loading=\"lazy\" decoding=\"async\" width=\"24\" height=\"24\" src=\"https:\/\/entrecampos.pt\/wp-content\/themes\/entre_campos\/theme\/assets\/icons\/zoom.svg\"\n\t\t\t\t\t\t\t\t\t\talt=\"Zoom\">\n\t\t\t\t\t\t\t\t<\/button>\n\t\t\t\t\t\t\t<\/figure>\n\t\t\t\t\t\t<\/div>\n\t\t\t\t\t\t\t\t\t\t\t\t\t\t\t\t\t\t\t\t<div class=\"swiper-slide\">\n\t\t\t\t\t\t\t<figure class=\"w-full h-[13.125rem] tablet-sm:h-[29.625rem] desktop-xl:h-[36.375rem] relative\">\n\t\t\t\t\t\t\t\t<img decoding=\"async\" width=\"2560\" height=\"1440\" src=\"https:\/\/entrecampos.pt\/wp-content\/uploads\/2024\/11\/22021_215_FB_A-scaled.webp\" class=\"image-carousel w-full h-full object-cover cursor-pointer\" alt=\"\" loading=\"lazy\" data-caption=\"\" data-sub-html=\"&lt;div class=&quot;custom-caption&quot;&gt;&lt;\/div&gt;\" srcset=\"https:\/\/entrecampos.pt\/wp-content\/uploads\/2024\/11\/22021_215_FB_A-scaled.webp 2560w, https:\/\/entrecampos.pt\/wp-content\/uploads\/2024\/11\/22021_215_FB_A-300x169.webp 300w, https:\/\/entrecampos.pt\/wp-content\/uploads\/2024\/11\/22021_215_FB_A-1024x576.webp 1024w, https:\/\/entrecampos.pt\/wp-content\/uploads\/2024\/11\/22021_215_FB_A-768x432.webp 768w, https:\/\/entrecampos.pt\/wp-content\/uploads\/2024\/11\/22021_215_FB_A-1536x864.webp 1536w, https:\/\/entrecampos.pt\/wp-content\/uploads\/2024\/11\/22021_215_FB_A-2048x1152.webp 2048w\" sizes=\"auto, (max-width: 2560px) 100vw, 2560px\" \/>\t\t\t\t\t\t\t\t<button type=\"button\" class=\"button-zoom-image absolute bottom-4 right-4\">\n\t\t\t\t\t\t\t\t\t<img loading=\"lazy\" decoding=\"async\" width=\"24\" height=\"24\" src=\"https:\/\/entrecampos.pt\/wp-content\/themes\/entre_campos\/theme\/assets\/icons\/zoom.svg\"\n\t\t\t\t\t\t\t\t\t\talt=\"Zoom\">\n\t\t\t\t\t\t\t\t<\/button>\n\t\t\t\t\t\t\t<\/figure>\n\t\t\t\t\t\t<\/div>\n\t\t\t\t\t\t\t\t\t\t\t\t\t\t\t\t\t\t\t\t<div class=\"swiper-slide\">\n\t\t\t\t\t\t\t<figure class=\"w-full h-[13.125rem] tablet-sm:h-[29.625rem] desktop-xl:h-[36.375rem] relative\">\n\t\t\t\t\t\t\t\t<img decoding=\"async\" width=\"2560\" height=\"1440\" src=\"https:\/\/entrecampos.pt\/wp-content\/uploads\/2024\/11\/22021_216_F_B_B-scaled.webp\" class=\"image-carousel w-full h-full object-cover cursor-pointer\" alt=\"22021_216_F_B_B\" loading=\"lazy\" data-caption=\"\" data-sub-html=\"&lt;div class=&quot;custom-caption&quot;&gt;&lt;\/div&gt;\" srcset=\"https:\/\/entrecampos.pt\/wp-content\/uploads\/2024\/11\/22021_216_F_B_B-scaled.webp 2560w, https:\/\/entrecampos.pt\/wp-content\/uploads\/2024\/11\/22021_216_F_B_B-300x169.webp 300w, https:\/\/entrecampos.pt\/wp-content\/uploads\/2024\/11\/22021_216_F_B_B-1024x576.webp 1024w, https:\/\/entrecampos.pt\/wp-content\/uploads\/2024\/11\/22021_216_F_B_B-768x432.webp 768w, https:\/\/entrecampos.pt\/wp-content\/uploads\/2024\/11\/22021_216_F_B_B-1536x864.webp 1536w, https:\/\/entrecampos.pt\/wp-content\/uploads\/2024\/11\/22021_216_F_B_B-2048x1152.webp 2048w\" sizes=\"auto, (max-width: 2560px) 100vw, 2560px\" \/>\t\t\t\t\t\t\t\t<button type=\"button\" class=\"button-zoom-image absolute bottom-4 right-4\">\n\t\t\t\t\t\t\t\t\t<img loading=\"lazy\" decoding=\"async\" width=\"24\" height=\"24\" src=\"https:\/\/entrecampos.pt\/wp-content\/themes\/entre_campos\/theme\/assets\/icons\/zoom.svg\"\n\t\t\t\t\t\t\t\t\t\talt=\"Zoom\">\n\t\t\t\t\t\t\t\t<\/button>\n\t\t\t\t\t\t\t<\/figure>\n\t\t\t\t\t\t<\/div>\n\t\t\t\t\t\t\t\t\t\t\t\t\t\t\t\t\t\t\t\t<div class=\"swiper-slide\">\n\t\t\t\t\t\t\t<figure class=\"w-full h-[13.125rem] tablet-sm:h-[29.625rem] desktop-xl:h-[36.375rem] relative\">\n\t\t\t\t\t\t\t\t<img decoding=\"async\" width=\"2560\" height=\"1707\" src=\"https:\/\/entrecampos.pt\/wp-content\/uploads\/2024\/11\/22021_217_F_B_C-scaled.webp\" class=\"image-carousel w-full h-full object-cover cursor-pointer\" alt=\"22021_217_F_B_C\" loading=\"lazy\" data-caption=\"\" data-sub-html=\"&lt;div class=&quot;custom-caption&quot;&gt;&lt;\/div&gt;\" srcset=\"https:\/\/entrecampos.pt\/wp-content\/uploads\/2024\/11\/22021_217_F_B_C-scaled.webp 2560w, https:\/\/entrecampos.pt\/wp-content\/uploads\/2024\/11\/22021_217_F_B_C-300x200.webp 300w, https:\/\/entrecampos.pt\/wp-content\/uploads\/2024\/11\/22021_217_F_B_C-1024x683.webp 1024w, https:\/\/entrecampos.pt\/wp-content\/uploads\/2024\/11\/22021_217_F_B_C-768x512.webp 768w, https:\/\/entrecampos.pt\/wp-content\/uploads\/2024\/11\/22021_217_F_B_C-1536x1024.webp 1536w, https:\/\/entrecampos.pt\/wp-content\/uploads\/2024\/11\/22021_217_F_B_C-2048x1365.webp 2048w\" sizes=\"auto, (max-width: 2560px) 100vw, 2560px\" \/>\t\t\t\t\t\t\t\t<button type=\"button\" class=\"button-zoom-image absolute bottom-4 right-4\">\n\t\t\t\t\t\t\t\t\t<img loading=\"lazy\" decoding=\"async\" width=\"24\" height=\"24\" src=\"https:\/\/entrecampos.pt\/wp-content\/themes\/entre_campos\/theme\/assets\/icons\/zoom.svg\"\n\t\t\t\t\t\t\t\t\t\talt=\"Zoom\">\n\t\t\t\t\t\t\t\t<\/button>\n\t\t\t\t\t\t\t<\/figure>\n\t\t\t\t\t\t<\/div>\n\t\t\t\t\t\t\t\t\t\t\t\t<\/div>\n\t\t\t<div\n\t\t\t\tclass=\"w-full flex justify-between relative top-8 max-w-container-xl mx-auto px-6 tablet-sm:px-8 desktop-xl:px-[72px] desktop-2xl:px-0\">\n\t\t\t\t<span id=\"caption-of-image\" class=\"min-h-12 tablet-sm:min-h-6\"><\/span>\n\t\t\t\t<div class=\"relative bottom-0 right-0 flex flex-shrink-0 w-[6.25rem]\">\n\t\t\t\t\t<div\n\t\t\t\t\t\tclass=\"swiper-button-next select-none after:hidden !w-10 !h-10 hover:bg-entre_campos-primary-off-black !text-entre_campos-primary-off-black hover:!text-entre_campos-primary-off-white transition duration-300\">\n\t\t\t\t\t\t<svg width=\"42\" height=\"42\" viewBox=\"0 0 42 42\" fill=\"none\" xmlns=\"http:\/\/www.w3.org\/2000\/svg\">\n\t\t\t\t\t\t\t<path\n\t\t\t\t\t\t\t\td=\"M24.067 27.6226L30.4282 21.2614L24.067 14.9002L22.5563 16.4109L26.2901 20.1448L12.6835 20.1498V22.373L26.2901 22.378L22.5563 26.1119L24.067 27.6226Z\"\n\t\t\t\t\t\t\t\tfill=\"currentColor\" \/>\n\t\t\t\t\t\t\t<path d=\"M1 14.617L1 1L41 1L41 41L9.5 41\" stroke=\"#232323\" stroke-width=\"2\" \/>\n\t\t\t\t\t\t<\/svg>\n\t\t\t\t\t<\/div>\n\t\t\t\t\t<div\n\t\t\t\t\t\tclass=\"swiper-button-prev select-none !left-0 after:hidden !w-10 !h-10 hover:bg-entre_campos-primary-off-black !text-entre_campos-primary-off-black hover:!text-entre_campos-primary-off-white transition duration-300\">\n\t\t\t\t\t\t<svg width=\"42\" height=\"42\" viewBox=\"0 0 42 42\" fill=\"none\" xmlns=\"http:\/\/www.w3.org\/2000\/svg\">\n\t\t\t\t\t\t\t<path\n\t\t\t\t\t\t\t\td=\"M17.9332 14.9002L11.572 21.2614L17.9332 27.6226L19.4439 26.1119L15.71 22.378L29.3166 22.373L29.3166 20.1499L15.71 20.1448L19.4439 16.411L17.9332 14.9002Z\"\n\t\t\t\t\t\t\t\tfill=\"currentColor\" \/>\n\t\t\t\t\t\t\t<path d=\"M41 14.617L41 1L1 1L0.999997 41L32.5 41\" stroke=\"#232323\" stroke-width=\"2\" \/>\n\t\t\t\t\t\t<\/svg>\n\t\t\t\t\t<\/div>\n\t\t\t\t<\/div>\n\t\t\t<\/div>\n\t\t<\/div>\n\t<\/section>\n\n<script>\n    document.addEventListener('DOMContentLoaded', () => {\n        const imagesCarousel = document.querySelectorAll('.image-carousel');\n        const captionImage = document.getElementById('caption-of-image');\n        const buttonZoomImages = document.querySelectorAll('.button-zoom-image');\n\n        var swiperCarouselImagesBlock = new Swiper('.carousel-images-block', {\n            spaceBetween: 16,\n            slidesPerView: 1.35,\n            loop: true,\n            centeredSlides: true,\n            navigation: {\n                nextEl: '.swiper-button-next',\n                prevEl: '.swiper-button-prev',\n            },\n            speed: 1000,\n            on: {\n                init: function() {\n                    const initialSlide = this.slides[this.activeIndex];\n                    const initialImage = initialSlide.querySelector('.image-carousel');\n                    \/\/ captionImage.innerHTML = initialImage.getAttribute('data-caption');\n                },\n                slideChange: function() {\n                    const activeSlide = this.slides[this.activeIndex];\n                    const activeImage = activeSlide.querySelector('.image-carousel');\n\n                    \/\/ captionImage.innerHTML = activeImage.getAttribute('data-caption');\n                }\n            }\n        });\n\n        lightGallery(document.getElementById('swiper-gallery'), {\n            selector: '.image-carousel',\n            download: false,\n            animateThumb: false,\n            licenseKey: '28EC4B3C-D941-4265-BFF7-A6EB22BAAA5D',\n            showThumbByDefault: false,\n            subHtmlSelectorRelative: true,\n            counter: false,\n            prevHtml: `\n                <svg width=\"42\" height=\"42\" viewBox=\"0 0 42 42\" fill=\"none\" xmlns=\"http:\/\/www.w3.org\/2000\/svg\">\n                    <path d=\"M17.9332 14.9002L11.572 21.2614L17.9332 27.6226L19.4439 26.1119L15.71 22.378L29.3166 22.373L29.3166 20.1499L15.71 20.1448L19.4439 16.411L17.9332 14.9002Z\" fill=\"currentColor\" \/>\n                    <path d=\"M41 14.617L41 1L1 1L0.999997 41L32.5 41\" stroke=\"#FDF2EE\" stroke-width=\"2\" \/>\n                <\/svg>\n            `,\n            nextHtml: `\n                <svg width=\"42\" height=\"42\" viewBox=\"0 0 42 42\" fill=\"none\" xmlns=\"http:\/\/www.w3.org\/2000\/svg\">\n                    <path d=\"M24.067 27.6226L30.4282 21.2614L24.067 14.9002L22.5563 16.4109L26.2901 20.1448L12.6835 20.1498V22.373L26.2901 22.378L22.5563 26.1119L24.067 27.6226Z\" fill=\"currentColor\" \/>\n                    <path d=\"M1 14.617L1 1L41 1L41 41L9.5 41\" stroke=\"#FDF2EE\" stroke-width=\"2\" \/>\n                <\/svg>\n            `,\n            mobileSettings: {\n                controls: true,\n                download: false,\n                share: false,\n                showCloseIcon: true\n            }\n        });\n\n        buttonZoomImages.forEach(button => {\n            button.addEventListener('click', (event) => {\n                const figure = button.closest('figure');\n                const image = figure.querySelector('.image-carousel');\n\n                if (image) {\n                    image.click();\n                }\n            });\n        });\n    })\n<\/script>\n\n\n<section\n\tclass=\"fade-up w-full flex flex-col-reverse tablet-sm:flex-row-reverse gap-10 desktop-xl:gap-[60px] py-14 desktop-xl:py-20 max-w-container-xl mx-auto\">\n\t\t\t<figure class=\" w-[95%] tablet-sm:w-1\/2 relative ml-auto\">\n\t\t\t<img loading=\"lazy\" decoding=\"async\" width=\"2560\" height=\"1441\" src=\"https:\/\/entrecampos.pt\/wp-content\/uploads\/2024\/11\/Dispositivo-scaled.webp\" class=\"w-full h-full object-fill tablet-sm:object-cover\" alt=\"\" srcset=\"https:\/\/entrecampos.pt\/wp-content\/uploads\/2024\/11\/Dispositivo-scaled.webp 2560w, https:\/\/entrecampos.pt\/wp-content\/uploads\/2024\/11\/Dispositivo-300x169.webp 300w, https:\/\/entrecampos.pt\/wp-content\/uploads\/2024\/11\/Dispositivo-1024x577.webp 1024w, https:\/\/entrecampos.pt\/wp-content\/uploads\/2024\/11\/Dispositivo-768x432.webp 768w, https:\/\/entrecampos.pt\/wp-content\/uploads\/2024\/11\/Dispositivo-1536x865.webp 1536w, https:\/\/entrecampos.pt\/wp-content\/uploads\/2024\/11\/Dispositivo-2048x1153.webp 2048w\" sizes=\"auto, (max-width: 2560px) 100vw, 2560px\" \/>\t\t\t<div class=\"absolute top-0 left-1 h-full flex gap-1\">\n\t\t\t\t<div class=\"w-[6px] h-full bg-entre_campos-primary-off-white\"><\/div>\n\t\t\t\t<div class=\"w-[6px] h-full bg-entre_campos-primary-off-white\"><\/div>\n\t\t\t\t<div class=\"w-[6px] h-full bg-entre_campos-primary-off-white\"><\/div>\n\t\t\t<\/div>\n\t\t<\/figure>\n\t\t<div\n\t\tclass=\"flex flex-col gap-3 px-6 tablet-sm:px-0 desktop-xl:gap-6 w-full tablet-sm:w-1\/2 tablet-sm:!pl-8 desktop-xl:!pl-fonsun-72 desktop-2xl:!pl-0 max-w-[600px]\">\n\t\t\t\t\t<h2 class=\"font-semibold text-m-h4 tablet-sm:text-t-h4 desktop-xl:text-d-h4 text-entre_campos-primary-off-black\">\n\t\t\t\tEntrecampos, onde o futuro de Lisboa ganha forma\t\t\t<\/h2>\n\t\t\t\t\t\t\t<div\n\t\t\t\tclass=\"text-entre_campos-primary-off-black iwbg-description text-m-b2 tablet-sm:text-t-b2 desktop-xl:text-d-b2 flex flex-col gap-5\">\n\t\t\t\t<p style=\"text-align: left;\">A t\u00e3o esperada reinven\u00e7\u00e3o de uma zona hist\u00f3rica de Lisboa est\u00e1 a acontecer. Entrecampos est\u00e1 a evoluir para se tornar um centro vibrante de neg\u00f3cios e inova\u00e7\u00e3o, lazer e vida.<\/p>\n\t\t\t<\/div>\n\t\t\t\t\t\t\t<div class=\"mt-4 desktop-xl:mt-2\">\n\t\t\t\t<a class=\"text-entre_campos-primary-off-white !no-underline bg-entre_campos-primary-off-black font-bold px-4 py-3 text-d-bt1 hover:!bg-entre_campos-primary-off-black-hover transition-colors duration-300\"\n\t\t\t\t\thref=\"https:\/\/entrecampos.pt\/pt-pt\/o-projeto\/\" target=\"\">\n\t\t\t\t\tLer Mais\t\t\t\t<\/a>\n\t\t\t<\/div>\n\t\t\t<\/div>\n<\/section>","protected":false},"excerpt":{"rendered":"","protected":false},"author":1,"featured_media":391,"parent":0,"menu_order":0,"comment_status":"closed","ping_status":"closed","template":"banner-with-lines-template.php","meta":{"_acf_changed":false,"footnotes":""},"class_list":["post-505","page","type-page","status-publish","has-post-thumbnail","hentry"],"acf":[],"_links":{"self":[{"href":"https:\/\/entrecampos.pt\/pt-pt\/wp-json\/wp\/v2\/pages\/505","targetHints":{"allow":["GET"]}}],"collection":[{"href":"https:\/\/entrecampos.pt\/pt-pt\/wp-json\/wp\/v2\/pages"}],"about":[{"href":"https:\/\/entrecampos.pt\/pt-pt\/wp-json\/wp\/v2\/types\/page"}],"author":[{"embeddable":true,"href":"https:\/\/entrecampos.pt\/pt-pt\/wp-json\/wp\/v2\/users\/1"}],"replies":[{"embeddable":true,"href":"https:\/\/entrecampos.pt\/pt-pt\/wp-json\/wp\/v2\/comments?post=505"}],"version-history":[{"count":1,"href":"https:\/\/entrecampos.pt\/pt-pt\/wp-json\/wp\/v2\/pages\/505\/revisions"}],"predecessor-version":[{"id":1450,"href":"https:\/\/entrecampos.pt\/pt-pt\/wp-json\/wp\/v2\/pages\/505\/revisions\/1450"}],"wp:featuredmedia":[{"embeddable":true,"href":"https:\/\/entrecampos.pt\/pt-pt\/wp-json\/wp\/v2\/media\/391"}],"wp:attachment":[{"href":"https:\/\/entrecampos.pt\/pt-pt\/wp-json\/wp\/v2\/media?parent=505"}],"curies":[{"name":"wp","href":"https:\/\/api.w.org\/{rel}","templated":true}]}}