{"id":1539,"date":"2025-02-19T23:12:45","date_gmt":"2025-02-19T22:12:45","guid":{"rendered":"https:\/\/entrecampos.pt\/contact-form\/"},"modified":"2025-03-10T16:25:14","modified_gmt":"2025-03-10T15:25:14","slug":"contacto","status":"publish","type":"page","link":"https:\/\/entrecampos.pt\/pt-pt\/contacto\/","title":{"rendered":"Contacto"},"content":{"rendered":"\n\n<section class=\"w-full py-14 desktop-xl:py-20 max-w-container-xl px-6 desktop-xl:px-fonsun-72 desktop-2xl:px-0 mx-auto\">\n\t<div class=\"max-w-[768px] space-y-10 mx-auto\">\n\t\t<div class=\"text-center space-y-6\">\n\t\t\t<h1\n\t\t\t\tclass=\"font-semibold  mb-3 tablet-sm:mb-4 text-t-h4\/[2.984rem] lg:text-d-h4\/[3.978rem] lg:mb-0 text-entre_campos-primary-off-black\">\n\t\t\t\tEntre em contacto com EntreCampos e fa\u00e7a parte do futuro de Lisboa\t\t\t<\/h1>\n\t\t\t<p class=\"text-d-b2 text-entre_campos-primary-off-black\">\n\t\t\t\tForne\u00e7a os seus dados abaixo para o podermos ajudar. Certifique-se de que as suas informa\u00e7\u00f5es de contacto est\u00e3o corretas e indique-nos os seus interesses.\t\t\t<\/p>\n\t\t<\/div>\n\t\t\t\t\t<div class=\"form-contacts\">\n\t\t\t\t<div class='fluentform ff-default fluentform_wrapper_4 ffs_default_wrap'><form data-form_id=\"4\" id=\"fluentform_4\" class=\"frm-fluent-form fluent_form_4 ff-el-form-top ff_form_instance_4_1 ff-form-loading ffs_default\" data-form_instance=\"ff_form_instance_4_1\" method=\"POST\" ><fieldset  style=\"border: none!important;margin: 0!important;padding: 0!important;background-color: transparent!important;box-shadow: none!important;outline: none!important; min-inline-size: 100%;\">\n                    <legend class=\"ff_screen_reader_title\" style=\"display: block; margin: 0!important;padding: 0!important;height: 0!important;text-indent: -999999px;width: 0!important;overflow:hidden;\">Contact Form &#8211; PT<\/legend><input type='hidden' name='__fluent_form_embded_post_id' value='1539' \/><input type=\"hidden\" id=\"_fluentform_4_fluentformnonce\" name=\"_fluentform_4_fluentformnonce\" value=\"a3ee98119a\" \/><input type=\"hidden\" name=\"_wp_http_referer\" value=\"\/pt-pt\/wp-json\/wp\/v2\/pages\/1539\" \/><div class='ff-el-group'><div class=\"ff-el-input--label ff-el-is-required asterisk-right\"><label for='ff_4_name' id='label_ff_4_name' >Nome<\/label><\/div><div class='ff-el-input--content'><input type=\"text\" name=\"name\" class=\"ff-el-form-control\" data-name=\"name\" id=\"ff_4_name\"  aria-invalid=\"false\" aria-required=true><\/div><\/div><div class='ff-el-group'><div class=\"ff-el-input--label ff-el-is-required asterisk-right\"><label for='ff_4_email' id='label_ff_4_email' aria-label=\"Email\">Email<\/label><\/div><div class='ff-el-input--content'><input type=\"email\" name=\"email\" id=\"ff_4_email\" class=\"ff-el-form-control\" data-name=\"email\"  aria-invalid=\"false\" aria-required=true><\/div><\/div><div class='ff-el-group'><div class=\"ff-el-input--label ff-el-is-required asterisk-right\"><label for='ff_4_phone' id='label_ff_4_phone' aria-label=\"Telefone\">Telefone<\/label><\/div><div class='ff-el-input--content'><input name=\"phone\" class=\"ff-el-form-control ff-el-phone ff_el_with_extended_validation\" type=\"tel\" data-name=\"phone\" id=\"ff_4_phone\" inputmode=\"tel\"  aria-invalid='false' aria-required=true><\/div><\/div><div class='ff-el-group'><div class=\"ff-el-input--label ff-el-is-required asterisk-right\"><label for='ff_4_interest' id='label_ff_4_interest' aria-label=\"Informe-nos sobre os seus interesses\">Informe-nos sobre os seus interesses<\/label><\/div><div class='ff-el-input--content'><select name=\"interest\" id=\"ff_4_interest\" class=\"ff-el-form-control\" data-name=\"interest\" data-calc_value=\"0\"  aria-invalid=\"false\" aria-required=\"true\" aria-labelledby=\"label_ff_4_interest\"><option value=\"\">Selecione<\/option><option value=\"Residencial\"  >Residencial<\/option><option value=\"Retalho\"  >Retalho<\/option><option value=\"Escrit\u00f3rio\"  >Escrit\u00f3rio<\/option><\/select><\/div><\/div><div class='ff-el-group has-conditions'><div class=\"ff-el-input--label ff-el-is-required asterisk-right\"><label for='ff_4_rooms' id='label_ff_4_rooms' aria-label=\"Quantos quartos\">Quantos quartos<\/label><\/div><div class='ff-el-input--content'><select name=\"rooms[]\" id=\"ff_4_rooms\" class=\"ff-el-form-control  ff_has_multi_select\" multiple=\"1\" data-name=\"rooms\" data-calc_value=\"0\"  aria-invalid=\"false\" aria-required=\"true\" aria-labelledby=\"label_ff_4_rooms\"><option value=\"T0\"  >T0<\/option><option value=\"T1\"  >T1<\/option><option value=\"T2\"  >T2<\/option><option value=\"T3\"  >T3<\/option><option value=\"T4\"  >T4<\/option><option value=\"T4 Duplex\"  >T4 Duplex<\/option><option value=\"T5\"  >T5<\/option><option value=\"T5 Duplex\"  >T5 Duplex<\/option><\/select><\/div><\/div><div class='ff-el-group has-conditions'><div class=\"ff-el-input--label ff-el-is-required asterisk-right\"><label for='ff_4_invest_or_live' id='label_ff_4_invest_or_live' aria-label=\"Est\u00e1 a investir ou vai viver no seu novo apartamento?\">Est\u00e1 a investir ou vai viver no seu novo apartamento?<\/label><\/div><div class='ff-el-input--content'><select name=\"invest_or_live\" id=\"ff_4_invest_or_live\" class=\"ff-el-form-control\" data-name=\"invest_or_live\" data-calc_value=\"0\"  aria-invalid=\"false\" aria-required=\"true\" aria-labelledby=\"label_ff_4_invest_or_live\"><option value=\"\">Selecione<\/option><option value=\"Investir\"  >Investir<\/option><option value=\"HPP\"  >HPP<\/option><\/select><\/div><\/div><div class='ff-el-group has-conditions'><div class=\"ff-el-input--label ff-el-is-required asterisk-right\"><label for='ff_4_brand' id='label_ff_4_brand' aria-label=\"Marca:\">Marca:<\/label><\/div><div class='ff-el-input--content'><input type=\"text\" name=\"brand\" class=\"ff-el-form-control\" data-name=\"brand\" id=\"ff_4_brand\"  aria-invalid=\"false\" aria-required=true><\/div><\/div><div class='ff-el-group has-conditions'><div class=\"ff-el-input--label ff-el-is-required asterisk-right\"><label for='ff_4_company_name' id='label_ff_4_company_name' >Nome da empresa:<\/label><\/div><div class='ff-el-input--content'><input type=\"text\" name=\"company_name\" class=\"ff-el-form-control\" data-name=\"company_name\" id=\"ff_4_company_name\"  aria-invalid=\"false\" aria-required=true><\/div><\/div><div class='ff-el-group has-conditions'><div class=\"ff-el-input--label ff-el-is-required asterisk-right\"><label for='ff_4_square_meters' id='label_ff_4_square_meters' aria-label=\"De quantos metros quadrados precisa?:\">De quantos metros quadrados precisa?:<\/label><\/div><div class='ff-el-input--content'><select name=\"square_meters\" id=\"ff_4_square_meters\" class=\"ff-el-form-control\" data-name=\"square_meters\" data-calc_value=\"0\"  aria-invalid=\"false\" aria-required=\"true\" aria-labelledby=\"label_ff_4_square_meters\"><option value=\"\">Selecione<\/option><option value=\"1.000m2 \u2013 2.500m2\"  >1.000m2 \u2013 2.500m2<\/option><option value=\"2.500m2 \u2013 5.000m2\"  >2.500m2 \u2013 5.000m2<\/option><option value=\"&gt;5.000m2\"  >>5.000m2<\/option><\/select><\/div><\/div><div class='ff-el-group has-conditions'><div class=\"ff-el-input--label ff-el-is-required asterisk-right\"><label for='ff_4_website' id='label_ff_4_website' aria-label=\"Partilhe o seu site connosco:\">Partilhe o seu site connosco:<\/label><\/div><div class='ff-el-input--content'><input type=\"text\" name=\"website\" class=\"ff-el-form-control\" data-name=\"website\" id=\"ff_4_website\"  aria-invalid=\"false\" aria-required=true><\/div><\/div><div class='ff-el-group has-conditions'><div class=\"ff-el-input--label ff-el-is-required asterisk-right\"><label for='ff_4_permanent_or_temporary' id='label_ff_4_permanent_or_temporary' aria-label=\"Permanente ou tempor\u00e1rio:\">Permanente ou tempor\u00e1rio:<\/label><\/div><div class='ff-el-input--content'><select name=\"permanent_or_temporary\" id=\"ff_4_permanent_or_temporary\" class=\"ff-el-form-control\" data-name=\"permanent_or_temporary\" data-calc_value=\"0\"  aria-invalid=\"false\" aria-required=\"true\" aria-labelledby=\"label_ff_4_permanent_or_temporary\"><option value=\"\">Selecione<\/option><option value=\"Permanente\"  >Permanente<\/option><option value=\"Tempor\u00e1rio\"  >Tempor\u00e1rio<\/option><\/select><\/div><\/div><div class='ff-el-group    ff-el-input--content'><div class='ff-el-form-check ff-el-tc'><label aria-label='Termos e Condi\u00e7\u00f5es: Li, compreendi e aceito a Pol\u00edtica de Privacidade Cont\u00e9m 1 link. Use a navega\u00e7\u00e3o por abas para consultar.' class='ff-el-form-check-label ff_tc_label' for=terms-n-condition_491e2161e2a5b883f8a5a186858bab3a><span class='ff_tc_checkbox'><input type=\"checkbox\" name=\"terms-n-condition\" class=\"ff-el-form-check-input\" data-name=\"terms-n-condition\" id=\"terms-n-condition_491e2161e2a5b883f8a5a186858bab3a\"  value='on' aria-invalid='false' aria-required=true><\/span> <div class='ff_t_c'><p>Li, compreendi e aceito a <a href=\"https:\/\/entrecampos.pt\/pt-pt\/politica-de-privacidade\/\" target=\"_blank\" rel=\"noopener\">Pol\u00edtica de Privacidade<\/a><\/p><\/div><\/label><\/div><\/div><div class='ff-el-group  ff-custom_html' tabindex='-1' data-name=\"custom_html-4_1\" ><p>Todos os campos s\u00e3o de preenchimento obrigat\u00f3rio<\/p><\/div><input type=\"hidden\" name=\"language\" value=\"PT\" data-name=\"language\" ><div class='ff-el-group ff-text-left ff_submit_btn_wrapper'><button type=\"submit\" class=\"ff-btn ff-btn-submit ff-btn-md ff_btn_style\"  aria-label=\"Enviar\">Enviar<\/button><\/div><\/fieldset><\/form><div id='fluentform_4_errors' class='ff-errors-in-stack ff_form_instance_4_1 ff-form-loading_errors ff_form_instance_4_1_errors'><\/div><\/div>            <script type=\"text\/javascript\">\n                window.fluent_form_ff_form_instance_4_1 = {\"id\":\"4\",\"ajaxUrl\":\"https:\\\/\\\/entrecampos.pt\\\/wp-admin\\\/admin-ajax.php\",\"settings\":{\"layout\":{\"labelPlacement\":\"top\",\"asteriskPlacement\":\"asterisk-right\",\"helpMessagePlacement\":\"with_label\",\"errorMessagePlacement\":\"inline\",\"cssClassName\":\"\"},\"restrictions\":{\"denyEmptySubmission\":{\"enabled\":false}}},\"form_instance\":\"ff_form_instance_4_1\",\"form_id_selector\":\"fluentform_4\",\"rules\":{\"name\":{\"required\":{\"value\":true,\"message\":\"Este campo \\u00e9 obrigat\\u00f3rio\",\"global_message\":\"This field is required\",\"global\":false}},\"email\":{\"required\":{\"value\":true,\"message\":\"Este campo \\u00e9 obrigat\\u00f3rio\",\"global_message\":\"This field is required\",\"global\":false},\"email\":{\"value\":true,\"message\":\"Este campo deve conter um email v\\u00e1lido\",\"global_message\":\"This field must contain a valid email\",\"global\":false}},\"phone\":{\"required\":{\"value\":true,\"global\":false,\"message\":\"Este campo \\u00e9 obrigat\\u00f3rio\",\"global_message\":\"This field is required\"},\"valid_phone_number\":{\"value\":true,\"global\":false,\"message\":\"N\\u00famero de telefone n\\u00e3o \\u00e9 v\\u00e1lido\",\"global_message\":\"Phone number is not valid\"}},\"interest\":{\"required\":{\"value\":true,\"message\":\"Este campo \\u00e9 obrigat\\u00f3rio\",\"global_message\":\"This field is required\",\"global\":false}},\"rooms\":{\"required\":{\"value\":true,\"message\":\"Este campo \\u00e9 obrigat\\u00f3rio\",\"global_message\":\"This field is required\",\"global\":false}},\"invest_or_live\":{\"required\":{\"value\":true,\"message\":\"Este campo \\u00e9 obrigat\\u00f3rio\",\"global_message\":\"This field is required\",\"global\":false}},\"brand\":{\"required\":{\"value\":true,\"message\":\"Este campo \\u00e9 obrigat\\u00f3rio\",\"global_message\":\"This field is required\",\"global\":false}},\"company_name\":{\"required\":{\"value\":true,\"message\":\"Este campo \\u00e9 obrigat\\u00f3rio\",\"global_message\":\"This field is required\",\"global\":false}},\"square_meters\":{\"required\":{\"value\":true,\"message\":\"Este campo \\u00e9 obrigat\\u00f3rio\",\"global_message\":\"This field is required\",\"global\":false}},\"website\":{\"required\":{\"value\":true,\"message\":\"Este campo \\u00e9 obrigat\\u00f3rio\",\"global_message\":\"This field is required\",\"global\":false}},\"permanent_or_temporary\":{\"required\":{\"value\":true,\"message\":\"Este campo \\u00e9 obrigat\\u00f3rio\",\"global_message\":\"This field is required\",\"global\":false}},\"terms-n-condition\":{\"required\":{\"value\":true,\"message\":\"Este campo \\u00e9 obrigat\\u00f3rio\",\"global_message\":\"This field is required\",\"global\":false}}},\"debounce_time\":300,\"conditionals\":{\"rooms\":{\"type\":\"any\",\"status\":true,\"conditions\":[{\"field\":\"interest\",\"value\":\"Residencial\",\"operator\":\"=\"}]},\"invest_or_live\":{\"type\":\"any\",\"status\":true,\"conditions\":[{\"field\":\"interest\",\"value\":\"Residencial\",\"operator\":\"=\"}]},\"brand\":{\"type\":\"any\",\"status\":true,\"conditions\":[{\"field\":\"interest\",\"value\":\"Retalho\",\"operator\":\"=\"}]},\"company_name\":{\"type\":\"any\",\"status\":true,\"conditions\":[{\"field\":\"interest\",\"value\":\"Escrit\\u00f3rio\",\"operator\":\"=\"}]},\"square_meters\":{\"type\":\"any\",\"status\":true,\"conditions\":[{\"field\":\"interest\",\"value\":\"Retalho\",\"operator\":\"=\"},{\"field\":\"interest\",\"value\":\"Escrit\\u00f3rio\",\"operator\":\"=\"}],\"condition_groups\":[{\"rules\":[{\"field\":\"\",\"value\":\"\",\"operator\":\"\"}],\"title\":\"\",\"isEditingTitle\":false,\"isPreviewOpen\":false,\"isGroupOpen\":true}]},\"website\":{\"type\":\"any\",\"status\":true,\"conditions\":[{\"field\":\"interest\",\"value\":\"Retalho\",\"operator\":\"=\"},{\"field\":\"interest\",\"value\":\"Escrit\\u00f3rio\",\"operator\":\"=\"}]},\"permanent_or_temporary\":{\"type\":\"any\",\"status\":true,\"conditions\":[{\"field\":\"interest\",\"value\":\"Retalho\",\"operator\":\"=\"}]}}};\n                            <\/script>\n            \t\t\t<\/div>\n\t\t\t<\/div>\n<\/section>\n\n<script>\n\tdocument.querySelectorAll('.ff-el-input--content select.ff-el-form-control').forEach(select => {\n\t\tconst closestContainer = select.closest('.ff-el-input--content');\n\t\tlet clearIcon = closestContainer.querySelector('.clear-icon');\n\n\t\tif (!clearIcon) {\n\t\t\tclearIcon = document.createElement('button');\n\t\t\tclearIcon.type = 'button';\n\t\t\tclearIcon.classList.add('clear-icon');\n\t\t\tclearIcon.style.position = 'absolute';\n\t\t\tclearIcon.style.top = '50%';\n\t\t\tclearIcon.style.transform = 'translateY(-50%)';\n\t\t\tclearIcon.style.right = '2rem';\n\t\t\tclearIcon.style.width = '1rem';\n\t\t\tclearIcon.style.height = '1rem';\n\t\t\tclearIcon.style.cursor = 'pointer';\n\t\t\tclearIcon.style.backgroundRepeat = 'no-repeat';\n\t\t\tclearIcon.style.backgroundPosition = 'center';\n\t\t\tclearIcon.style.backgroundImage = \"url(\\\"data:image\/svg+xml,%3Csvg width='24' height='24' viewBox='0 0 32 32' fill='none' xmlns='http:\/\/www.w3.org\/2000\/svg'%3E%3Cpath d='M22 10L10 22M22 22L10 10' stroke='%23232323' stroke-width='3' stroke-linecap='round'\/%3E%3C\/svg%3E\\\")\";\n\t\t\tclosestContainer.appendChild(clearIcon);\n\t\t}\n\n\t\tconst updateIconVisibility = () => {\n\t\t\tclearIcon.style.display = select.value ? 'block' : 'none';\n\t\t};\n\n\t\tupdateIconVisibility();\n\n\t\tselect.addEventListener('change', updateIconVisibility);\n\n\t\tclearIcon.addEventListener('click', event => {\n\t\t\tevent.stopPropagation();\n\n\t\t\tselect.value = '';\n\t\t\tselect.dispatchEvent(new Event('change'));\n\n\t\t\tfunction triggerMouseEvent(node, eventType) {\n\t\t\t\tconst clickEvent = new Event(eventType, { bubbles: true, cancelable: false });\n\t\t\t\tnode.dispatchEvent(clickEvent);\n\t\t\t}\n\n\t\t\tconst selectorChoicesButton = 'div.choices__list.choices__list--multiple div.choices__item--selectable button.choices__button';\n\t\t\tconst choicesButtonLength = document.querySelectorAll(selectorChoicesButton).length;\n\n\t\t\twhile (choicesButtonLength > 0) {\n\t\t\t\tconst item = document.querySelector(selectorChoicesButton);\n\t\t\t\ttriggerMouseEvent(item, 'mousedown');\n\t\t\t}\n\t\t\tupdateIconVisibility();\n\t\t});\n\t});\n\n<\/script>","protected":false},"excerpt":{"rendered":"","protected":false},"author":1,"featured_media":0,"parent":0,"menu_order":0,"comment_status":"closed","ping_status":"closed","template":"","meta":{"_acf_changed":false,"footnotes":""},"class_list":["post-1539","page","type-page","status-publish","hentry"],"acf":[],"_links":{"self":[{"href":"https:\/\/entrecampos.pt\/pt-pt\/wp-json\/wp\/v2\/pages\/1539","targetHints":{"allow":["GET"]}}],"collection":[{"href":"https:\/\/entrecampos.pt\/pt-pt\/wp-json\/wp\/v2\/pages"}],"about":[{"href":"https:\/\/entrecampos.pt\/pt-pt\/wp-json\/wp\/v2\/types\/page"}],"author":[{"embeddable":true,"href":"https:\/\/entrecampos.pt\/pt-pt\/wp-json\/wp\/v2\/users\/1"}],"replies":[{"embeddable":true,"href":"https:\/\/entrecampos.pt\/pt-pt\/wp-json\/wp\/v2\/comments?post=1539"}],"version-history":[{"count":9,"href":"https:\/\/entrecampos.pt\/pt-pt\/wp-json\/wp\/v2\/pages\/1539\/revisions"}],"predecessor-version":[{"id":2304,"href":"https:\/\/entrecampos.pt\/pt-pt\/wp-json\/wp\/v2\/pages\/1539\/revisions\/2304"}],"wp:attachment":[{"href":"https:\/\/entrecampos.pt\/pt-pt\/wp-json\/wp\/v2\/media?parent=1539"}],"curies":[{"name":"wp","href":"https:\/\/api.w.org\/{rel}","templated":true}]}}